{"id":708,"date":"2025-06-24T21:51:38","date_gmt":"2025-06-24T21:51:38","guid":{"rendered":"https:\/\/leaders.aglow.org\/entre-em-contato-conosco\/"},"modified":"2025-11-13T01:16:58","modified_gmt":"2025-11-13T01:16:58","slug":"entre-em-contato-conosco","status":"publish","type":"page","link":"https:\/\/leaders.aglow.org\/pt-br\/entre-em-contato-conosco\/","title":{"rendered":"Entre em Contato Conosco"},"content":{"rendered":"\n\n\t<p>Se voc\u00ea precisar falar com algu\u00e9m na sede da Aglow, use o diret\u00f3rio abaixo para encontrar a pessoa certa. Estamos aqui para ajudar! <\/p>\n\t\n<table id=\"tablepress-7\" class=\"tablepress tablepress-id-7\">\n<thead>\n<tr class=\"row-1\">\n\t<th class=\"column-1\">Primeiro nome<\/th><th class=\"column-2\">Sobrenome<\/th><th class=\"column-3\">\u00c1reas de Responsabilidade<\/th><th class=\"column-4\">E-mail<\/th>\n<\/tr>\n<\/thead>\n<tbody class=\"row-striping row-hover\">\n<tr class=\"row-2\">\n\t<td class=\"column-1\">Druci<\/td><td class=\"column-2\">Allen<\/td><td class=\"column-3\">Bancos dos EUA, Afilia\u00e7\u00f5es<\/td><td class=\"column-4\"><a href=\"mailto:druciallen@aglow.org\">druciallen@aglow.org<\/a><\/td>\n<\/tr>\n<tr class=\"row-3\">\n\t<td class=\"column-1\">Martha<\/td><td class=\"column-2\">Stanley<\/td><td class=\"column-3\">Sites da Web (incluindo AglowNet)<\/td><td class=\"column-4\"><a href=\"mailto:marthastanley@aglow.org\">marthastanley@aglow.org<\/a><\/td>\n<\/tr>\n<tr class=\"row-4\">\n\t<td class=\"column-1\">Paul<\/td><td class=\"column-2\">Speck<\/td><td class=\"column-3\">Problemas t\u00e9cnicos<\/td><td class=\"column-4\"><a href=\"mailto:paulspeck@aglow.org\">paulspeck@aglow.org<\/a><\/td>\n<\/tr>\n<tr class=\"row-5\">\n\t<td class=\"column-1\">Monica<\/td><td class=\"column-2\">Eilertson<\/td><td class=\"column-3\">Inscri\u00e7\u00e3o para o evento<\/td><td class=\"column-4\"><a href=\"mailto:\"MonicaEilertson@algow.org\">monicaeilertson@algow.org<\/td>\n<\/tr>\n<tr class=\"row-6\">\n\t<td class=\"column-1\">Janae<\/td><td class=\"column-2\">Lovern<\/td><td class=\"column-3\">Contratos, Gera\u00e7\u00f5es, Campo Internacional<\/td><td class=\"column-4\"><a href=\"mailto:janaelovern@aglow.org\">janaelovern@aglow.org<\/a><\/td>\n<\/tr>\n<tr class=\"row-7\">\n\t<td class=\"column-1\">Kathy<\/td><td class=\"column-2\">Sanders<\/td><td class=\"column-3\">Resumo dos L\u00edderes dos EUA<\/td><td class=\"column-4\"><a href=\"mailto:kathysanders@aglow.org\">kathysanders@aglow.org<\/a><\/td>\n<\/tr>\n<tr class=\"row-8\">\n\t<td class=\"column-1\">Linda<\/td><td class=\"column-2\">Jones<\/td><td class=\"column-3\">Perguntas de campo dos EUA<\/td><td class=\"column-4\"><a href=\"mailto:lindajones@aglow.org\">lindajones@aglow.org<\/a><\/td>\n<\/tr>\n<\/tbody>\n<\/table>\n\n\t<p>Voc\u00ea tamb\u00e9m pode ligar para a sede durante o hor\u00e1rio comercial do Pac\u00edfico, de segunda a sexta-feira:<\/p>\n<p><strong>+1.425.775.7282<\/strong><\/p>\n\n","protected":false},"excerpt":{"rendered":"<p>Se voc\u00ea precisar falar com algu\u00e9m na sede da Aglow, use o diret\u00f3rio abaixo para encontrar a pessoa certa. Estamos aqui para ajudar! Voc\u00ea tamb\u00e9m pode ligar para a sede durante o hor\u00e1rio comercial do Pac\u00edfico, de segunda a sexta-feira: +1.425.775.7282<\/p>\n","protected":false},"author":1,"featured_media":0,"parent":0,"menu_order":0,"comment_status":"closed","ping_status":"closed","template":"","meta":{"footnotes":""},"class_list":["post-708","page","type-page","status-publish","hentry"],"_links":{"self":[{"href":"https:\/\/leaders.aglow.org\/pt-br\/wp-json\/wp\/v2\/pages\/708","targetHints":{"allow":["GET"]}}],"collection":[{"href":"https:\/\/leaders.aglow.org\/pt-br\/wp-json\/wp\/v2\/pages"}],"about":[{"href":"https:\/\/leaders.aglow.org\/pt-br\/wp-json\/wp\/v2\/types\/page"}],"author":[{"embeddable":true,"href":"https:\/\/leaders.aglow.org\/pt-br\/wp-json\/wp\/v2\/users\/1"}],"replies":[{"embeddable":true,"href":"https:\/\/leaders.aglow.org\/pt-br\/wp-json\/wp\/v2\/comments?post=708"}],"version-history":[{"count":1,"href":"https:\/\/leaders.aglow.org\/pt-br\/wp-json\/wp\/v2\/pages\/708\/revisions"}],"predecessor-version":[{"id":737,"href":"https:\/\/leaders.aglow.org\/pt-br\/wp-json\/wp\/v2\/pages\/708\/revisions\/737"}],"wp:attachment":[{"href":"https:\/\/leaders.aglow.org\/pt-br\/wp-json\/wp\/v2\/media?parent=708"}],"curies":[{"name":"wp","href":"https:\/\/api.w.org\/{rel}","templated":true}]}}