{"id":686,"date":"2025-03-04T21:33:51","date_gmt":"2025-03-04T21:33:51","guid":{"rendered":"https:\/\/leaders.aglow.org\/inicio\/"},"modified":"2025-11-13T23:51:40","modified_gmt":"2025-11-13T23:51:40","slug":"inicio","status":"publish","type":"page","link":"https:\/\/leaders.aglow.org\/pt-br\/","title":{"rendered":"In\u00edcio"},"content":{"rendered":"\n\n\t\t\t\t<img decoding=\"async\" src=\"https:\/\/leaders.aglow.org\/wp-content\/uploads\/2025\/03\/Aglow-logo-ARC_800px.png\" alt=\"Aglow-logo-ARC_800px\" itemprop=\"image\" height=\"319\" width=\"799\" title=\"Aglow-logo-ARC_800px\" onerror=\"this.style.display='none'\" loading=\"lazy\" \/>\n<h1  data-animation-delay=\"0.0\" data-animation-duration=\"1\">\n\t\t\tRecursos para L\u00edderes\t<\/h1>\n\t<p>Ferramentas e recursos essenciais para ajud\u00e1-la a crescer como l\u00edder e ter sucesso em sua fun\u00e7\u00e3o. Role para baixo para come\u00e7ar! <\/p>\n<h1>\n\t\t\tBem-vindas L\u00edderes Aglow!\t<\/h1>\n\t<p>Oramos para que este centro de recursos se torne uma fonte valiosa de encorajamento, percep\u00e7\u00e3o e inspira\u00e7\u00e3o para voc\u00ea como l\u00edder Aglow. Novos conte\u00fados ser\u00e3o adicionados regularmente, ent\u00e3o certifique-se de verificar com frequ\u00eancia. <\/p>\n<p>Ao explorar estes recursos, que voc\u00ea se sinta fortalecida, equipada e capacitada em seu chamado. Obrigada por seu servi\u00e7o fiel ao Senhor atrav\u00e9s da Aglow International-somos gratas por voc\u00ea! <\/p>\n\t\t\t\t<img decoding=\"async\" src=\"https:\/\/leaders.aglow.org\/wp-content\/uploads\/2025\/03\/smiling-group.jpg\" alt=\"smiling-group\" itemprop=\"image\" height=\"818\" width=\"1200\" title=\"smiling-group\" onerror=\"this.style.display='none'\" loading=\"lazy\" \/>\n\t\t\t <p><a href=\"https:\/\/leaders.aglow.org\/pt-br\/formularios-de-lideres-eua\/\" rel=\"noopener\">Formul\u00e1rios para L\u00edderes dos EUA<\/a><\/p>\t\t\n\t\t\t <p><a href=\"https:\/\/leaders.aglow.org\/pt-br\/manual-e-formularios-para-lideres-locais\/\">Formul\u00e1rios para L\u00edderes Locais<\/a><\/p>\t\t\n\t\t\t <p><a href=\"https:\/\/leaders.aglow.org\/pt-br\/manual-e-formularios-para-lideres-nacionais\/\">Formul\u00e1rios para L\u00edderes Nacionais<\/a><\/p>\t\t\n\t<h2>D\u00favidas?<\/h2>\n\n<p>Ligue para a sede da Aglow no +1.425.775.7282 ou visite nossa <a href=\"\/contact\">p\u00e1gina de contato<\/a>, adorar\u00edamos conversar com voc\u00ea!<\/p>\n\n","protected":false},"excerpt":{"rendered":"<p>Recursos para L\u00edderes Ferramentas e recursos essenciais para ajud\u00e1-la a crescer como l\u00edder e ter sucesso em sua fun\u00e7\u00e3o. Role para baixo para come\u00e7ar! Bem-vindas L\u00edderes Aglow! Oramos para que este centro de recursos se torne uma fonte valiosa de encorajamento, percep\u00e7\u00e3o e inspira\u00e7\u00e3o para voc\u00ea como l\u00edder Aglow. Novos conte\u00fados ser\u00e3o adicionados regularmente, ent\u00e3o&hellip;<\/p>\n","protected":false},"author":1,"featured_media":0,"parent":0,"menu_order":0,"comment_status":"closed","ping_status":"closed","template":"","meta":{"footnotes":""},"class_list":["post-686","page","type-page","status-publish","hentry"],"_links":{"self":[{"href":"https:\/\/leaders.aglow.org\/pt-br\/wp-json\/wp\/v2\/pages\/686","targetHints":{"allow":["GET"]}}],"collection":[{"href":"https:\/\/leaders.aglow.org\/pt-br\/wp-json\/wp\/v2\/pages"}],"about":[{"href":"https:\/\/leaders.aglow.org\/pt-br\/wp-json\/wp\/v2\/types\/page"}],"author":[{"embeddable":true,"href":"https:\/\/leaders.aglow.org\/pt-br\/wp-json\/wp\/v2\/users\/1"}],"replies":[{"embeddable":true,"href":"https:\/\/leaders.aglow.org\/pt-br\/wp-json\/wp\/v2\/comments?post=686"}],"version-history":[{"count":3,"href":"https:\/\/leaders.aglow.org\/pt-br\/wp-json\/wp\/v2\/pages\/686\/revisions"}],"predecessor-version":[{"id":778,"href":"https:\/\/leaders.aglow.org\/pt-br\/wp-json\/wp\/v2\/pages\/686\/revisions\/778"}],"wp:attachment":[{"href":"https:\/\/leaders.aglow.org\/pt-br\/wp-json\/wp\/v2\/media?parent=686"}],"curies":[{"name":"wp","href":"https:\/\/api.w.org\/{rel}","templated":true}]}}