{"id":709,"date":"2025-06-24T21:51:38","date_gmt":"2025-06-24T21:51:38","guid":{"rendered":"https:\/\/leaders.aglow.org\/contactez-nous\/"},"modified":"2025-11-13T01:09:40","modified_gmt":"2025-11-13T01:09:40","slug":"contactez-nous","status":"publish","type":"page","link":"https:\/\/leaders.aglow.org\/fr\/contactez-nous\/","title":{"rendered":"Contactez-Nous"},"content":{"rendered":"\n\n\t<p>Si vous souhaitez contacter quelqu&rsquo;un au si\u00e8ge d&rsquo;Aglow, veuillez utiliser l&rsquo;annuaire ci-dessous pour trouver la personne ad\u00e9quate. Nous sommes l\u00e0 pour vous aider ! <\/p>\n\t\n<table id=\"tablepress-5\" class=\"tablepress tablepress-id-5\">\n<thead>\n<tr class=\"row-1\">\n\t<th class=\"column-1\">Pr\u00e9nom<\/th><th class=\"column-2\">Nom de famille<\/th><th class=\"column-3\">Domaines de responsabilit\u00e9<\/th><th class=\"column-4\">E-mail<\/th>\n<\/tr>\n<\/thead>\n<tbody class=\"row-striping row-hover\">\n<tr class=\"row-2\">\n\t<td class=\"column-1\">Druci<\/td><td class=\"column-2\">Allen<\/td><td class=\"column-3\">Secteur bancaire am\u00e9ricain, affiliations<\/td><td class=\"column-4\"><a href=\"mailto:druciallen@aglow.org\">druciallen@aglow.org<\/a><\/td>\n<\/tr>\n<tr class=\"row-3\">\n\t<td class=\"column-1\">Martha<\/td><td class=\"column-2\">Stanley<\/td><td class=\"column-3\">Sites Web (dont AglowNet)<\/td><td class=\"column-4\"><a href=\"mailto:marthastanley@aglow.org\">marthastanley@aglow.org<\/a><\/td>\n<\/tr>\n<tr class=\"row-4\">\n\t<td class=\"column-1\">Paul<\/td><td class=\"column-2\">Speck<\/td><td class=\"column-3\">Probl\u00e8mes techniques<\/td><td class=\"column-4\"><a href=\"mailto:paulspeck@aglow.org\">paulspeck@aglow.org<\/a><\/td>\n<\/tr>\n<tr class=\"row-5\">\n\t<td class=\"column-1\">Monica<\/td><td class=\"column-2\">Eilertson<\/td><td class=\"column-3\">Inscription \u00e0 l'\u00e9v\u00e9nement<\/td><td class=\"column-4\"><a href=\"mailto:\"MonicaEilertson@algow.org\">monicaeilertson@algow.org<\/td>\n<\/tr>\n<tr class=\"row-6\">\n\t<td class=\"column-1\">Janae<\/td><td class=\"column-2\">Lovern<\/td><td class=\"column-3\">Contrats, G\u00e9n\u00e9rations, Domaine international<\/td><td class=\"column-4\"><a href=\"mailto:janaelovern@aglow.org\">janaelovern@aglow.org<\/a><\/td>\n<\/tr>\n<tr class=\"row-7\">\n\t<td class=\"column-1\">Kathy<\/td><td class=\"column-2\">Sanders<\/td><td class=\"column-3\">R\u00e9sum\u00e9 des dirigeants am\u00e9ricains<\/td><td class=\"column-4\"><a href=\"mailto:kathysanders@aglow.org\">kathysanders@aglow.org<\/a><\/td>\n<\/tr>\n<tr class=\"row-8\">\n\t<td class=\"column-1\">Linda<\/td><td class=\"column-2\">Jones<\/td><td class=\"column-3\">Questions de terrain am\u00e9ricaines<\/td><td class=\"column-4\"><a href=\"mailto:lindajones@aglow.org\">lindajones@aglow.org<\/a><\/td>\n<\/tr>\n<\/tbody>\n<\/table>\n\n\t<p>Vous pouvez \u00e9galement appeler le si\u00e8ge social pendant les heures ouvrables, heure du Pacifique, du lundi au vendredi :<\/p>\n<p><strong>+1.425.775.7282<\/strong><\/p>\n\n","protected":false},"excerpt":{"rendered":"<p>Si vous souhaitez contacter quelqu&rsquo;un au si\u00e8ge d&rsquo;Aglow, veuillez utiliser l&rsquo;annuaire ci-dessous pour trouver la personne ad\u00e9quate. Nous sommes l\u00e0 pour vous aider ! Vous pouvez \u00e9galement appeler le si\u00e8ge social pendant les heures ouvrables, heure du Pacifique, du lundi au vendredi : +1.425.775.7282<\/p>\n","protected":false},"author":1,"featured_media":0,"parent":0,"menu_order":0,"comment_status":"closed","ping_status":"closed","template":"","meta":{"footnotes":""},"class_list":["post-709","page","type-page","status-publish","hentry"],"_links":{"self":[{"href":"https:\/\/leaders.aglow.org\/fr\/wp-json\/wp\/v2\/pages\/709","targetHints":{"allow":["GET"]}}],"collection":[{"href":"https:\/\/leaders.aglow.org\/fr\/wp-json\/wp\/v2\/pages"}],"about":[{"href":"https:\/\/leaders.aglow.org\/fr\/wp-json\/wp\/v2\/types\/page"}],"author":[{"embeddable":true,"href":"https:\/\/leaders.aglow.org\/fr\/wp-json\/wp\/v2\/users\/1"}],"replies":[{"embeddable":true,"href":"https:\/\/leaders.aglow.org\/fr\/wp-json\/wp\/v2\/comments?post=709"}],"version-history":[{"count":1,"href":"https:\/\/leaders.aglow.org\/fr\/wp-json\/wp\/v2\/pages\/709\/revisions"}],"predecessor-version":[{"id":729,"href":"https:\/\/leaders.aglow.org\/fr\/wp-json\/wp\/v2\/pages\/709\/revisions\/729"}],"wp:attachment":[{"href":"https:\/\/leaders.aglow.org\/fr\/wp-json\/wp\/v2\/media?parent=709"}],"curies":[{"name":"wp","href":"https:\/\/api.w.org\/{rel}","templated":true}]}}