{"id":696,"date":"2025-03-04T21:33:51","date_gmt":"2025-03-04T21:33:51","guid":{"rendered":"https:\/\/leaders.aglow.org\/accueil\/"},"modified":"2025-11-13T23:45:17","modified_gmt":"2025-11-13T23:45:17","slug":"accueil","status":"publish","type":"page","link":"https:\/\/leaders.aglow.org\/fr\/","title":{"rendered":"Accueil"},"content":{"rendered":"\n\n\t\t\t\t<img decoding=\"async\" src=\"https:\/\/leaders.aglow.org\/wp-content\/uploads\/2025\/03\/Aglow-logo-ARC_800px.png\" alt=\"Aglow-logo-ARC_800px\" itemprop=\"image\" height=\"319\" width=\"799\" title=\"Aglow-logo-ARC_800px\" onerror=\"this.style.display='none'\" loading=\"lazy\" \/>\n<h1  data-animation-delay=\"0.0\" data-animation-duration=\"1\">\n\t\t\tRessources pour les Responsables\t<\/h1>\n\t<p>Outils et ressources essentiels pour vous aider \u00e0 vous d\u00e9velopper en tant que leader et \u00e0 r\u00e9ussir dans votre r\u00f4le. Faites d\u00e9filer vers le bas pour commencer !<\/p>\n<h1>\n\t\t\tBienvenue aux Responsables Aglow !\t<\/h1>\n\t<p>Nous prions pour que ce centre de ressources devienne une source pr\u00e9cieuse d&rsquo;encouragement, de perspicacit\u00e9 et d&rsquo;inspiration pour vous en tant que leader Aglow. De nouveaux contenus seront ajout\u00e9s r\u00e9guli\u00e8rement, alors assurez-vous de revenir souvent.<\/p>\n<p>En explorant ces ressources, puissiez-vous vous sentir renforc\u00e9(e), \u00e9quip\u00e9(e) et habilit\u00e9(e) dans votre vocation. Nous vous remercions pour votre service fid\u00e8le au Seigneur \u00e0 travers Aglow International &#8211; nous vous sommes reconnaissants !<\/p>\n\t\t\t\t<img decoding=\"async\" src=\"https:\/\/leaders.aglow.org\/wp-content\/uploads\/2025\/03\/smiling-group.jpg\" alt=\"smiling-group\" itemprop=\"image\" height=\"818\" width=\"1200\" title=\"smiling-group\" onerror=\"this.style.display='none'\" loading=\"lazy\" \/>\n\t\t\t <a href=\"https:\/\/leaders.aglow.org\/fr\/formulaires-de-dirigeants-etats-unis\/\" rel=\"noopener\">Formulaires pour les Responsables Am\u00e9ricains<\/a>\t\t\n\t\t\t <p><a href=\"https:\/\/leaders.aglow.org\/fr\/manual-e-formularios-para-lideres-locais\/\">Formulaires pour les Responsables Locaux<\/a><\/p>\t\t\n\t\t\t <p><a href=\"https:\/\/leaders.aglow.org\/fr\/manuel-et-formulaires-des-dirigeants-nationaux\/\">Formulaires pour les Responsables Nationaux<\/a><\/p>\t\t\n\t<h2>Des Questions ?<\/h2>\n\n<p>Appelez le si\u00e8ge d&rsquo;Aglow au +1.425.775.7282 ou visitez notre <a href=\"\/contact\">page de contact<\/a>, nous serions ravis d&rsquo;\u00e9changer avec vous !<\/p>\n\n","protected":false},"excerpt":{"rendered":"<p>Ressources pour les Responsables Outils et ressources essentiels pour vous aider \u00e0 vous d\u00e9velopper en tant que leader et \u00e0 r\u00e9ussir dans votre r\u00f4le. Faites d\u00e9filer vers le bas pour commencer ! Bienvenue aux Responsables Aglow ! Nous prions pour que ce centre de ressources devienne une source pr\u00e9cieuse d&rsquo;encouragement, de perspicacit\u00e9 et d&rsquo;inspiration pour&hellip;<\/p>\n","protected":false},"author":1,"featured_media":0,"parent":0,"menu_order":0,"comment_status":"closed","ping_status":"closed","template":"","meta":{"footnotes":""},"class_list":["post-696","page","type-page","status-publish","hentry"],"_links":{"self":[{"href":"https:\/\/leaders.aglow.org\/fr\/wp-json\/wp\/v2\/pages\/696","targetHints":{"allow":["GET"]}}],"collection":[{"href":"https:\/\/leaders.aglow.org\/fr\/wp-json\/wp\/v2\/pages"}],"about":[{"href":"https:\/\/leaders.aglow.org\/fr\/wp-json\/wp\/v2\/types\/page"}],"author":[{"embeddable":true,"href":"https:\/\/leaders.aglow.org\/fr\/wp-json\/wp\/v2\/users\/1"}],"replies":[{"embeddable":true,"href":"https:\/\/leaders.aglow.org\/fr\/wp-json\/wp\/v2\/comments?post=696"}],"version-history":[{"count":4,"href":"https:\/\/leaders.aglow.org\/fr\/wp-json\/wp\/v2\/pages\/696\/revisions"}],"predecessor-version":[{"id":775,"href":"https:\/\/leaders.aglow.org\/fr\/wp-json\/wp\/v2\/pages\/696\/revisions\/775"}],"wp:attachment":[{"href":"https:\/\/leaders.aglow.org\/fr\/wp-json\/wp\/v2\/media?parent=696"}],"curies":[{"name":"wp","href":"https:\/\/api.w.org\/{rel}","templated":true}]}}