{"id":707,"date":"2025-06-24T21:51:38","date_gmt":"2025-06-24T21:51:38","guid":{"rendered":"https:\/\/leaders.aglow.org\/contacte-con-nosotros\/"},"modified":"2025-11-13T01:13:30","modified_gmt":"2025-11-13T01:13:30","slug":"contacte-con-nosotros","status":"publish","type":"page","link":"https:\/\/leaders.aglow.org\/es\/contacte-con-nosotros\/","title":{"rendered":"Contacte con Nosotros"},"content":{"rendered":"\n\n\t<p>Si necesita hablar con alguien en la sede central de Aglow, utilice el directorio que aparece a continuaci\u00f3n para encontrar a la persona adecuada. \u00a1Estamos aqu\u00ed para ayudarle! <\/p>\n\t\n<table id=\"tablepress-6\" class=\"tablepress tablepress-id-6\">\n<thead>\n<tr class=\"row-1\">\n\t<th class=\"column-1\">Nombre de pila<\/th><th class=\"column-2\">Apellido<\/th><th class=\"column-3\">\u00c1reas de responsabilidad<\/th><th class=\"column-4\">E-mail<\/th>\n<\/tr>\n<\/thead>\n<tbody class=\"row-striping row-hover\">\n<tr class=\"row-2\">\n\t<td class=\"column-1\">Druci<\/td><td class=\"column-2\">Allen<\/td><td class=\"column-3\">Sector bancario estadounidense, afiliaciones<\/td><td class=\"column-4\"><a href=\"mailto:druciallen@aglow.org\">druciallen@aglow.org<\/a><\/td>\n<\/tr>\n<tr class=\"row-3\">\n\t<td class=\"column-1\">Martha<\/td><td class=\"column-2\">Stanley<\/td><td class=\"column-3\">Sitios web (incluido AglowNet)<\/td><td class=\"column-4\"><a href=\"mailto:marthastanley@aglow.org\">marthastanley@aglow.org<\/a><\/td>\n<\/tr>\n<tr class=\"row-4\">\n\t<td class=\"column-1\">Paul<\/td><td class=\"column-2\">Speck<\/td><td class=\"column-3\">Problemas t\u00e9cnicos<\/td><td class=\"column-4\"><a href=\"mailto:paulspeck@aglow.org\">paulspeck@aglow.org<\/a><\/td>\n<\/tr>\n<tr class=\"row-5\">\n\t<td class=\"column-1\">Monica<\/td><td class=\"column-2\">Eilertson<\/td><td class=\"column-3\">Registro de eventos<\/td><td class=\"column-4\"><a href=\"mailto:\"MonicaEilertson@algow.org\">monicaeilertson@algow.org<\/td>\n<\/tr>\n<tr class=\"row-6\">\n\t<td class=\"column-1\">Janae<\/td><td class=\"column-2\">Lovern<\/td><td class=\"column-3\">Contratos, Generaciones, Dominio Internacional<\/td><td class=\"column-4\"><a href=\"mailto:janaelovern@aglow.org\">janaelovern@aglow.org<\/a><\/td>\n<\/tr>\n<tr class=\"row-7\">\n\t<td class=\"column-1\">Kathy<\/td><td class=\"column-2\">Sanders<\/td><td class=\"column-3\">Resumen de los l\u00edderes estadounidenses<\/td><td class=\"column-4\"><a href=\"mailto:kathysanders@aglow.org\">kathysanders@aglow.org<\/a><\/td>\n<\/tr>\n<tr class=\"row-8\">\n\t<td class=\"column-1\">Linda<\/td><td class=\"column-2\">Jones<\/td><td class=\"column-3\">problemas de campo estadounidenses<\/td><td class=\"column-4\"><a href=\"mailto:lindajones@aglow.org\">lindajones@aglow.org<\/a><\/td>\n<\/tr>\n<\/tbody>\n<\/table>\n\n\t<p>Tambi\u00e9n puede llamar a la sede central durante el horario de oficina del Pac\u00edfico, de lunes a viernes:<\/p>\n<p><strong>+1.425.775.7282<\/strong><\/p>\n\n","protected":false},"excerpt":{"rendered":"<p>Si necesita hablar con alguien en la sede central de Aglow, utilice el directorio que aparece a continuaci\u00f3n para encontrar a la persona adecuada. \u00a1Estamos aqu\u00ed para ayudarle! Tambi\u00e9n puede llamar a la sede central durante el horario de oficina del Pac\u00edfico, de lunes a viernes: +1.425.775.7282<\/p>\n","protected":false},"author":1,"featured_media":0,"parent":0,"menu_order":0,"comment_status":"closed","ping_status":"closed","template":"","meta":{"footnotes":""},"class_list":["post-707","page","type-page","status-publish","hentry"],"_links":{"self":[{"href":"https:\/\/leaders.aglow.org\/es\/wp-json\/wp\/v2\/pages\/707","targetHints":{"allow":["GET"]}}],"collection":[{"href":"https:\/\/leaders.aglow.org\/es\/wp-json\/wp\/v2\/pages"}],"about":[{"href":"https:\/\/leaders.aglow.org\/es\/wp-json\/wp\/v2\/types\/page"}],"author":[{"embeddable":true,"href":"https:\/\/leaders.aglow.org\/es\/wp-json\/wp\/v2\/users\/1"}],"replies":[{"embeddable":true,"href":"https:\/\/leaders.aglow.org\/es\/wp-json\/wp\/v2\/comments?post=707"}],"version-history":[{"count":1,"href":"https:\/\/leaders.aglow.org\/es\/wp-json\/wp\/v2\/pages\/707\/revisions"}],"predecessor-version":[{"id":733,"href":"https:\/\/leaders.aglow.org\/es\/wp-json\/wp\/v2\/pages\/707\/revisions\/733"}],"wp:attachment":[{"href":"https:\/\/leaders.aglow.org\/es\/wp-json\/wp\/v2\/media?parent=707"}],"curies":[{"name":"wp","href":"https:\/\/api.w.org\/{rel}","templated":true}]}}