{"id":676,"date":"2025-03-04T21:33:51","date_gmt":"2025-03-04T21:33:51","guid":{"rendered":"https:\/\/leaders.aglow.org\/inicio\/"},"modified":"2025-11-13T23:47:48","modified_gmt":"2025-11-13T23:47:48","slug":"inicio","status":"publish","type":"page","link":"https:\/\/leaders.aglow.org\/es\/","title":{"rendered":"Inicio"},"content":{"rendered":"\n\n\t\t\t\t<img decoding=\"async\" src=\"https:\/\/leaders.aglow.org\/wp-content\/uploads\/2025\/03\/Aglow-logo-ARC_800px.png\" alt=\"Aglow-logo-ARC_800px\" itemprop=\"image\" height=\"319\" width=\"799\" title=\"Aglow-logo-ARC_800px\" onerror=\"this.style.display='none'\" loading=\"lazy\" \/>\n<h1  data-animation-delay=\"0.0\" data-animation-duration=\"1\">\n\t\t\tRecursos para L\u00edderes\t<\/h1>\n\t<p>Herramientas y recursos esenciales para ayudarle a crecer como l\u00edder y a tener \u00e9xito en su funci\u00f3n. \u00a1Despl\u00e1cese hacia abajo para empezar! <\/p>\n<h1>\n\t\t\t\u00a1Bienvenidos, L\u00edderes de Aglow!\t<\/h1>\n\t<p>Oramos para que este centro de recursos se convierta en una valiosa fuente de \u00e1nimo, conocimiento e inspiraci\u00f3n para usted como l\u00edder de Aglow. Se a\u00f1adir\u00e1 contenido nuevo con regularidad, as\u00ed que aseg\u00farese de consultarlo a menudo. <\/p>\n<p>Mientras explora estos recursos, que se sienta fortalecido, equipado y empoderado en su vocaci\u00f3n. Gracias por su fiel servicio al Se\u00f1or a trav\u00e9s de Aglow International. \u00a1Estamos agradecidos por usted! <\/p>\n\t\t\t\t<img decoding=\"async\" src=\"https:\/\/leaders.aglow.org\/wp-content\/uploads\/2025\/03\/smiling-group.jpg\" alt=\"smiling-group\" itemprop=\"image\" height=\"818\" width=\"1200\" title=\"smiling-group\" onerror=\"this.style.display='none'\" loading=\"lazy\" \/>\n\t\t\t <a href=\"https:\/\/leaders.aglow.org\/es\/formularios-de-lideres-eua\/\" rel=\"noopener\">Formularios para L\u00edderes de EE. UU.<\/a>\t\t\n\t\t\t <p><a href=\"https:\/\/leaders.aglow.org\/es\/manual-y-formularios-para-lideres-locales\/\">Formularios para L\u00edderes Locales<\/a><\/p>\n\t\t\t <p><a href=\"https:\/\/leaders.aglow.org\/es\/manual-y-formularios-para-lideres-nacionales\/\">Formularios para L\u00edderes Nacionales<\/a><\/p>\n\t<h2>\u00bfPreguntas?<\/h2>\n\n<p>Llame a la sede de Aglow al +1.425.775.7282 o visite nuestra <a href=\"\/contact\">p\u00e1gina de contacto<\/a>. \u00a1Nos encantar\u00eda hablar con usted!<\/p>\n\n","protected":false},"excerpt":{"rendered":"<p>Recursos para L\u00edderes Herramientas y recursos esenciales para ayudarle a crecer como l\u00edder y a tener \u00e9xito en su funci\u00f3n. \u00a1Despl\u00e1cese hacia abajo para empezar! \u00a1Bienvenidos, L\u00edderes de Aglow! Oramos para que este centro de recursos se convierta en una valiosa fuente de \u00e1nimo, conocimiento e inspiraci\u00f3n para usted como l\u00edder de Aglow. Se a\u00f1adir\u00e1&hellip;<\/p>\n","protected":false},"author":1,"featured_media":0,"parent":0,"menu_order":0,"comment_status":"closed","ping_status":"closed","template":"","meta":{"footnotes":""},"class_list":["post-676","page","type-page","status-publish","hentry"],"_links":{"self":[{"href":"https:\/\/leaders.aglow.org\/es\/wp-json\/wp\/v2\/pages\/676","targetHints":{"allow":["GET"]}}],"collection":[{"href":"https:\/\/leaders.aglow.org\/es\/wp-json\/wp\/v2\/pages"}],"about":[{"href":"https:\/\/leaders.aglow.org\/es\/wp-json\/wp\/v2\/types\/page"}],"author":[{"embeddable":true,"href":"https:\/\/leaders.aglow.org\/es\/wp-json\/wp\/v2\/users\/1"}],"replies":[{"embeddable":true,"href":"https:\/\/leaders.aglow.org\/es\/wp-json\/wp\/v2\/comments?post=676"}],"version-history":[{"count":5,"href":"https:\/\/leaders.aglow.org\/es\/wp-json\/wp\/v2\/pages\/676\/revisions"}],"predecessor-version":[{"id":776,"href":"https:\/\/leaders.aglow.org\/es\/wp-json\/wp\/v2\/pages\/676\/revisions\/776"}],"wp:attachment":[{"href":"https:\/\/leaders.aglow.org\/es\/wp-json\/wp\/v2\/media?parent=676"}],"curies":[{"name":"wp","href":"https:\/\/api.w.org\/{rel}","templated":true}]}}